{"id":13,"date":"2025-09-09T10:13:24","date_gmt":"2025-09-09T10:13:24","guid":{"rendered":"https:\/\/1bethemetest.semtix.eu\/?page_id=13"},"modified":"2026-01-21T08:47:49","modified_gmt":"2026-01-21T08:47:49","slug":"bez-prihlaseni","status":"publish","type":"page","link":"https:\/\/1bethemetest.semtix.eu\/?page_id=13","title":{"rendered":"Bez p\u0159ihl\u00e1\u0161en\u00ed"},"content":{"rendered":"\n<p><em><div id=\"rbsm-form-shortcode\" class=\"rbsm-container\"><\/div><\/em><\/p>\n","protected":false},"excerpt":{"rendered":"","protected":false},"author":2,"featured_media":0,"parent":0,"menu_order":0,"comment_status":"closed","ping_status":"closed","template":"","meta":{"footnotes":""},"class_list":["post-13","page","type-page","status-publish","hentry"],"_links":{"self":[{"href":"https:\/\/1bethemetest.semtix.eu\/index.php?rest_route=\/wp\/v2\/pages\/13","targetHints":{"allow":["GET"]}}],"collection":[{"href":"https:\/\/1bethemetest.semtix.eu\/index.php?rest_route=\/wp\/v2\/pages"}],"about":[{"href":"https:\/\/1bethemetest.semtix.eu\/index.php?rest_route=\/wp\/v2\/types\/page"}],"author":[{"embeddable":true,"href":"https:\/\/1bethemetest.semtix.eu\/index.php?rest_route=\/wp\/v2\/users\/2"}],"replies":[{"embeddable":true,"href":"https:\/\/1bethemetest.semtix.eu\/index.php?rest_route=%2Fwp%2Fv2%2Fcomments&post=13"}],"version-history":[{"count":3,"href":"https:\/\/1bethemetest.semtix.eu\/index.php?rest_route=\/wp\/v2\/pages\/13\/revisions"}],"predecessor-version":[{"id":104,"href":"https:\/\/1bethemetest.semtix.eu\/index.php?rest_route=\/wp\/v2\/pages\/13\/revisions\/104"}],"wp:attachment":[{"href":"https:\/\/1bethemetest.semtix.eu\/index.php?rest_route=%2Fwp%2Fv2%2Fmedia&parent=13"}],"curies":[{"name":"wp","href":"https:\/\/api.w.org\/{rel}","templated":true}]}}